{"id":3205,"date":"2021-07-27T18:28:00","date_gmt":"2021-07-27T18:28:00","guid":{"rendered":"https:\/\/sedahuanuco.com\/web\/?page_id=3205"},"modified":"2024-07-08T21:35:43","modified_gmt":"2024-07-08T21:35:43","slug":"boletin-institucional","status":"publish","type":"page","link":"https:\/\/sedahuanuco.com\/web\/boletin-institucional\/","title":{"rendered":"BOLET\u00cdN INSTITUCIONAL"},"content":{"rendered":"\n<figure class=\"wp-block-gallery has-nested-images columns-default is-cropped wp-block-gallery-1 is-layout-flex wp-block-gallery-is-layout-flex\">\n<figure class=\"wp-block-image size-large\"><img loading=\"lazy\" decoding=\"async\" width=\"791\" height=\"1024\" data-id=\"5034\" src=\"https:\/\/sedahuanuco.com\/web\/wp-content\/uploads\/2023\/06\/PORTADA-DE-BOLETIN-791x1024.jpg\" alt=\"\" class=\"wp-image-5034\" srcset=\"https:\/\/sedahuanuco.com\/web\/wp-content\/uploads\/2023\/06\/PORTADA-DE-BOLETIN-791x1024.jpg 791w, https:\/\/sedahuanuco.com\/web\/wp-content\/uploads\/2023\/06\/PORTADA-DE-BOLETIN-232x300.jpg 232w, https:\/\/sedahuanuco.com\/web\/wp-content\/uploads\/2023\/06\/PORTADA-DE-BOLETIN-768x994.jpg 768w, https:\/\/sedahuanuco.com\/web\/wp-content\/uploads\/2023\/06\/PORTADA-DE-BOLETIN-1187x1536.jpg 1187w, https:\/\/sedahuanuco.com\/web\/wp-content\/uploads\/2023\/06\/PORTADA-DE-BOLETIN-1583x2048.jpg 1583w, https:\/\/sedahuanuco.com\/web\/wp-content\/uploads\/2023\/06\/PORTADA-DE-BOLETIN-145x187.jpg 145w, https:\/\/sedahuanuco.com\/web\/wp-content\/uploads\/2023\/06\/PORTADA-DE-BOLETIN-1170x1514.jpg 1170w, https:\/\/sedahuanuco.com\/web\/wp-content\/uploads\/2023\/06\/PORTADA-DE-BOLETIN-scaled.jpg 1978w\" sizes=\"auto, (max-width: 791px) 100vw, 791px\" \/><figcaption class=\"wp-element-caption\">Encontrar\u00e1s informaci\u00f3n de las gesti\u00f3n anual de la EPS SEDA HU\u00c1NUCO S.A.<\/figcaption><\/figure>\n<\/figure>\n","protected":false},"excerpt":{"rendered":"","protected":false},"author":1,"featured_media":5034,"parent":0,"menu_order":0,"comment_status":"closed","ping_status":"closed","template":"","meta":{"footnotes":""},"class_list":["post-3205","page","type-page","status-publish","has-post-thumbnail","hentry"],"blog_post_layout_featured_media_urls":{"thumbnail":["https:\/\/sedahuanuco.com\/web\/wp-content\/uploads\/2023\/06\/PORTADA-DE-BOLETIN-150x150.jpg",150,150,true],"full":["https:\/\/sedahuanuco.com\/web\/wp-content\/uploads\/2023\/06\/PORTADA-DE-BOLETIN-scaled.jpg",1978,2560,false]},"categories_names":null,"comments_number":"0","_links":{"self":[{"href":"https:\/\/sedahuanuco.com\/web\/wp-json\/wp\/v2\/pages\/3205","targetHints":{"allow":["GET"]}}],"collection":[{"href":"https:\/\/sedahuanuco.com\/web\/wp-json\/wp\/v2\/pages"}],"about":[{"href":"https:\/\/sedahuanuco.com\/web\/wp-json\/wp\/v2\/types\/page"}],"author":[{"embeddable":true,"href":"https:\/\/sedahuanuco.com\/web\/wp-json\/wp\/v2\/users\/1"}],"replies":[{"embeddable":true,"href":"https:\/\/sedahuanuco.com\/web\/wp-json\/wp\/v2\/comments?post=3205"}],"version-history":[{"count":5,"href":"https:\/\/sedahuanuco.com\/web\/wp-json\/wp\/v2\/pages\/3205\/revisions"}],"predecessor-version":[{"id":6247,"href":"https:\/\/sedahuanuco.com\/web\/wp-json\/wp\/v2\/pages\/3205\/revisions\/6247"}],"wp:featuredmedia":[{"embeddable":true,"href":"https:\/\/sedahuanuco.com\/web\/wp-json\/wp\/v2\/media\/5034"}],"wp:attachment":[{"href":"https:\/\/sedahuanuco.com\/web\/wp-json\/wp\/v2\/media?parent=3205"}],"curies":[{"name":"wp","href":"https:\/\/api.w.org\/{rel}","templated":true}]}}