{"id":2191,"date":"2021-06-03T03:51:55","date_gmt":"2021-06-03T03:51:55","guid":{"rendered":"https:\/\/sedahuanuco.com\/web\/?page_id=2191"},"modified":"2025-02-05T22:23:05","modified_gmt":"2025-02-05T22:23:05","slug":"vision-y-mision","status":"publish","type":"page","link":"https:\/\/sedahuanuco.com\/web\/vision-y-mision\/","title":{"rendered":"VISI\u00d3N Y MISI\u00d3N"},"content":{"rendered":"\n<p class=\"has-text-align-center has-black-color has-text-color has-link-color wp-elements-cafcba1e7d3576ae08b7aac1824c1f84\" style=\"font-size:31px\"><strong>VISI\u00d3N<\/strong><\/p>\n\n\n\n<p class=\"has-text-align-center has-black-color has-text-color has-link-color wp-elements-a98a72dabf78313d845733d7ed3725c2\" style=\"font-size:16px\">\u00abSer una empresa l\u00edder en la prestaci\u00f3n de servicios de agua potable y saneamiento, reconocida y valorada por su responsabilidad empresarial, social y ambiental, que contribuya al desarrollo sostenible y bienestar de la poblaci\u00f3n, comprometida con el proceso de modernizaci\u00f3n y buen gobierno en el sector del agua y saneamiento\u00bb.<\/p>\n\n\n\n<p><\/p>\n\n\n\n<p><\/p>\n\n\n\n<p class=\"has-text-align-center has-black-color has-text-color has-link-color wp-elements-7ee14495c06ec6fcc2827b6fe3c95ca1\" style=\"font-size:31px\"><strong>MISI\u00d3N<\/strong><\/p>\n\n\n\n<p class=\"has-text-align-center has-black-color has-text-color has-link-color wp-elements-b329b07b079f36907cc81bbc75c56587\" style=\"font-size:16px\">\u00abOtorgar servicios de calidad de agua potable y saneamiento para satisfacer las necesidades de los usuarios de las Localidades de Hu\u00e1nuco, Tingo Mar\u00eda y Aucayacu, mediante una gesti\u00f3n participativa, transparente y eficiente, ampliando mejoras tecnolog\u00edas y de procesos, continuos y sostenibles\u00bb.<\/p>\n","protected":false},"excerpt":{"rendered":"<p>VISI\u00d3N \u00abSer una empresa l\u00edder en la prestaci\u00f3n de servicios de agua potable y saneamiento, reconocida y valorada por su responsabilidad empresarial, social y ambiental, que contribuya al desarrollo sostenible y bienestar de la poblaci\u00f3n, comprometida con el proceso de modernizaci\u00f3n y buen gobierno en el sector del agua y saneamiento\u00bb. MISI\u00d3N \u00abOtorgar servicios de<\/p>\n","protected":false},"author":1,"featured_media":0,"parent":0,"menu_order":0,"comment_status":"closed","ping_status":"closed","template":"","meta":{"footnotes":""},"class_list":["post-2191","page","type-page","status-publish","hentry"],"blog_post_layout_featured_media_urls":{"thumbnail":"","full":""},"categories_names":null,"comments_number":"0","_links":{"self":[{"href":"https:\/\/sedahuanuco.com\/web\/wp-json\/wp\/v2\/pages\/2191","targetHints":{"allow":["GET"]}}],"collection":[{"href":"https:\/\/sedahuanuco.com\/web\/wp-json\/wp\/v2\/pages"}],"about":[{"href":"https:\/\/sedahuanuco.com\/web\/wp-json\/wp\/v2\/types\/page"}],"author":[{"embeddable":true,"href":"https:\/\/sedahuanuco.com\/web\/wp-json\/wp\/v2\/users\/1"}],"replies":[{"embeddable":true,"href":"https:\/\/sedahuanuco.com\/web\/wp-json\/wp\/v2\/comments?post=2191"}],"version-history":[{"count":22,"href":"https:\/\/sedahuanuco.com\/web\/wp-json\/wp\/v2\/pages\/2191\/revisions"}],"predecessor-version":[{"id":6681,"href":"https:\/\/sedahuanuco.com\/web\/wp-json\/wp\/v2\/pages\/2191\/revisions\/6681"}],"wp:attachment":[{"href":"https:\/\/sedahuanuco.com\/web\/wp-json\/wp\/v2\/media?parent=2191"}],"curies":[{"name":"wp","href":"https:\/\/api.w.org\/{rel}","templated":true}]}}